{"id":6,"date":"2016-06-20T07:48:11","date_gmt":"2016-06-20T07:48:11","guid":{"rendered":"http:\/\/sw-themes.com\/porto_dummy\/?page_id=6"},"modified":"2019-07-17T23:23:39","modified_gmt":"2019-07-17T21:23:39","slug":"home","status":"publish","type":"page","link":"https:\/\/goaudit.fr\/","title":{"rendered":"Home"},"content":{"rendered":"<p>[vc_row full_width=\u00a0\u00bbstretch_row_content_no_spaces\u00a0\u00bb][vc_column][rev_slider_vc alias=\u00a0\u00bbhome-corporate-2&Prime; el_class=\u00a0\u00bbm-b-none\u00a0\u00bb][\/vc_column][\/vc_row][vc_row full_width=\u00a0\u00bbstretch_row\u00a0\u00bb wrap_container=\u00a0\u00bbyes\u00a0\u00bb el_class=\u00a0\u00bbslider-with-overlay\u00a0\u00bb css=\u00a0\u00bb.vc_custom_1463133375528{background-color: #171717 !important;}\u00a0\u00bb][vc_column][vc_row_inner el_class=\u00a0\u00bbhome-intro\u00a0\u00bb][vc_column_inner width=\u00a0\u00bb2\/3&Prime;][vc_column_text el_class=\u00a0\u00bbm-b-none\u00a0\u00bb]<strong>Sp\u00e9cialis\u00e9 dans le Conseil &amp; Audit en h\u00f4tellerie dans le domaine du\u00a0<em>S\u00e9minaire d&rsquo;Entreprise<\/em><\/strong> Demandez d\u00e8s maintenant une expertise de votre \u00e9tablissement ![\/vc_column_text][\/vc_column_inner][vc_column_inner el_class=\u00a0\u00bbget-started\u00a0\u00bb width=\u00a0\u00bb1\/3&Prime;][vc_btn title=\u00a0\u00bbDevis Gratuit\u00a0\u00bb size=\u00a0\u00bblg\u00a0\u00bb skin=\u00a0\u00bbprimary\u00a0\u00bb link=\u00a0\u00bburl:%23Formulaire|||\u00a0\u00bb el_class=\u00a0\u00bbm-b-none\u00a0\u00bb][\/vc_column_inner][\/vc_row_inner][\/vc_column][\/vc_row][vc_row wrap_container=\u00a0\u00bbyes\u00a0\u00bb el_class=\u00a0\u00bbm-b-xxl\u00a0\u00bb][vc_column width=\u00a0\u00bb7\/12&Prime;][vc_custom_heading text=\u00a0\u00bbBooster votre CA s\u00e9minaire <strong>en 3 mois !<\/strong>\u00a0\u00bb font_container=\u00a0\u00bbtag:h2|text_align:left|color:%230088cc\u00a0\u00bb use_theme_fonts=\u00a0\u00bbyes\u00a0\u00bb el_class=\u00a0\u00bbm-t-xxl m-b-md\u00a0\u00bb][vc_column_text el_class=\u00a0\u00bblead\u00a0\u00bb]Au fils des ann\u00e9es, notre groupe, fort de plus de 20 ans d&rsquo;exp\u00e9rience en h\u00f4tellerie et plus particuli\u00e8rement dans l&rsquo;\u00e9v\u00e9nementiel d&rsquo;entreprise, a d\u00e9cid\u00e9 d&rsquo;apporter son aide et son savoir au service des h\u00f4teliers.[\/vc_column_text][vc_column_text]<strong>Notre expertise, \u00e9tal\u00e9e sur 3 mois, vous apportera tous les outils n\u00e9cessaires afin d&rsquo;augmenter consid\u00e9rablement votre taux d&rsquo;occupation en \u00e9v\u00e9nements d&rsquo;entreprise :<\/strong><\/p>\n<p>S\u00e9minaire R\u00e9sidentiel &#8211; Journ\u00e9e d&rsquo;\u00e9tude &#8211; Congr\u00e8s &#8211; Soir\u00e9e d&rsquo;Entreprise\u00a0 \u00a0 \u00a0 \u00a0 \u00a0 \u00a0 \u00a0 \u00a0 \u00a0 \u00a0 \u00a0 \u00a0 \u00a0 \u00a0 \u00a0 \u00a0 \u00a0 \u00a0 \u00a0 \u00a0 \u00a0 Formation &#8211; Assembl\u00e9e G\u00e9n\u00e9rale &#8211; D\u00eener\/D\u00e9jeuner &#8211; etc&#8230;[\/vc_column_text][\/vc_column][vc_column width=\u00a0\u00bb5\/12&Prime;][vc_custom_heading text=\u00a0\u00bbNotre Expertise<strong> en Vid\u00e9o<\/strong>\u00a0\u00bb font_container=\u00a0\u00bbtag:h4|text_align:left|color:%230088cc\u00a0\u00bb use_theme_fonts=\u00a0\u00bbyes\u00a0\u00bb el_class=\u00a0\u00bbm-t-xxl m-b-md\u00a0\u00bb][vc_video link=\u00a0\u00bbhttps:\/\/youtu.be\/t9EukHAiDCI\u00a0\u00bb src=\u00a0\u00bb\u00ab\u00a0https:\/\/www.youtube.com\/embed\/YssMczUJjLc\u00ab\u00a0\u00a0\u00bb width=\u00a0\u00bb\u00ab\u00a0560\u00ab\u00a0\u00a0\u00bb height=\u00a0\u00bb\u00ab\u00a0315\u00ab\u00a0\u00a0\u00bb frameborder=\u00a0\u00bb\u00ab\u00a00\u00ab\u00a0\u00ab\u00a0][\/vc_column][\/vc_row][vc_row wrap_container=\u00a0\u00bbyes\u00a0\u00bb el_class=\u00a0\u00bbm-b-xxl\u00a0\u00bb css=\u00a0\u00bb.vc_custom_1533902147111{margin-top: -50px !important;}\u00a0\u00bb][vc_column width=\u00a0\u00bb1\/2&Prime;][vc_custom_heading text=\u00a0\u00bbNotre solution : L&rsquo;analyse <strong>GOaudit\u00ae\u00a0\u00bb font_container=\u00a0\u00bbtag:h2|text_align:left|color:%230088cc\u00a0\u00bb use_theme_fonts=\u00a0\u00bbyes\u00a0\u00bb el_class=\u00a0\u00bbm-t-xxl m-b-md\u00a0\u00bb][vc_column_text el_class=\u00a0\u00bblead\u00a0\u00bb]Ne subissez plus vos \u00e9checs, transformez-les en Atouts !<\/strong><\/p>\n<p>Voici quelques points sur lesquels nous vous apportons notre exp\u00e9rience et nos solutions :<\/p>\n<ul>\n<li>L&rsquo;image de votre \u00e9tablissement (site + brochure)<\/li>\n<li>Argumentaire de votre \u00e9quipe commerciale<\/li>\n<li>D\u00e9tection d&rsquo;anomalies dans votre processus de vente<\/li>\n<li>Des solutions d&rsquo;occupation en p\u00e9riodes creuses<\/li>\n<li>L&rsquo;Optimisation de votre CA annuel<\/li>\n<li>Le comportement \u00e0 adopter face aux clients &amp; agences<\/li>\n<li>La fid\u00e9lisation des clients<\/li>\n<li>La transformation des points faibles de votre lieu en Avantage<\/li>\n<\/ul>\n<p>[\/vc_column_text][\/vc_column][vc_column width=\u00a0\u00bb1\/2&Prime;][vc_custom_heading text=\u00a0\u00bbAutre solution : <strong>Le Mandat de Gestion\u00a0\u00bb font_container=\u00a0\u00bbtag:h2|text_align:left|color:%230088cc\u00a0\u00bb use_theme_fonts=\u00a0\u00bbyes\u00a0\u00bb el_class=\u00a0\u00bbm-t-xxl m-b-md\u00a0\u00bb][vc_column_text el_class=\u00a0\u00bblead\u00a0\u00bb]Confiez-nous la gestion de vos h\u00f4tels !<\/strong><\/p>\n<p>Sp\u00e9cialis\u00e9 dans la gestion h\u00f4teli\u00e8re, nous vous apportons notre forte exp\u00e9rience. Nous intervenons uniquement sur les r\u00e9servations d&rsquo;\u00e9v\u00e9nements d&rsquo;entreprise.<\/p>\n<p>L&rsquo;objectif \u00e9tant de confier la gestion de votre \u00e9tablissement dans le but de :<\/p>\n<ul>\n<li>Booster votre CA<\/li>\n<li>R\u00e9duire vos frais (salari\u00e9s, charges, etc&#8230;)<\/li>\n<li>Vous lib\u00e9rer du temps<\/li>\n<li>D\u00e9velopper votre business<\/li>\n<\/ul>\n<p>[\/vc_column_text][\/vc_column][\/vc_row][vc_row wrap_container=\u00a0\u00bbyes\u00a0\u00bb el_class=\u00a0\u00bbm-b-xl\u00a0\u00bb el_id=\u00a0\u00bbFormulaire\u00a0\u00bb css=\u00a0\u00bb.vc_custom_1533904181285{margin-top: 100px !important;margin-bottom: 100px !important;}\u00a0\u00bb][vc_column width=\u00a0\u00bb1\/2&Prime;]<div role=\"form\" class=\"wpcf7\" id=\"wpcf7-f74-o1\" lang=\"en-US\" dir=\"ltr\">\n<div class=\"screen-reader-response\"><p role=\"status\" aria-live=\"polite\" aria-atomic=\"true\"><\/p> <ul><\/ul><\/div>\n<form action=\"\/index.php?rest_route=%2Fwp%2Fv2%2Fpages%2F6#wpcf7-f74-o1\" method=\"post\" class=\"wpcf7-form init\" novalidate=\"novalidate\" data-status=\"init\">\n<div style=\"display: none;\">\n<input type=\"hidden\" name=\"_wpcf7\" value=\"74\" \/>\n<input type=\"hidden\" name=\"_wpcf7_version\" value=\"5.6.4\" \/>\n<input type=\"hidden\" name=\"_wpcf7_locale\" value=\"en_US\" \/>\n<input type=\"hidden\" name=\"_wpcf7_unit_tag\" value=\"wpcf7-f74-o1\" \/>\n<input type=\"hidden\" name=\"_wpcf7_container_post\" value=\"0\" \/>\n<input type=\"hidden\" name=\"_wpcf7_posted_data_hash\" value=\"\" \/>\n<\/div>\n<h2 class=\"short\"><strong>Contactez<\/strong> Nous<\/h2>\n<div class=\"row\">\n<div class=\"col-lg-6\">\n<div class=\"form-group\">\n            <label for=\"contact-name\">Nom Pr\u00e9nom *<\/label><br \/>\n            <span class=\"wpcf7-form-control-wrap\" data-name=\"your-name\"><input type=\"text\" name=\"your-name\" value=\"\" size=\"40\" class=\"wpcf7-form-control wpcf7-text wpcf7-validates-as-required form-control\" id=\"contact-name\" aria-required=\"true\" aria-invalid=\"false\" \/><\/span>\n        <\/div>\n<\/div>\n<div class=\"col-lg-6\">\n<div class=\"form-group\">\n            <label for=\"contact-email\">Adresse Email *<\/label><br \/>\n            <span class=\"wpcf7-form-control-wrap\" data-name=\"your-email\"><input type=\"email\" name=\"your-email\" value=\"\" size=\"40\" class=\"wpcf7-form-control wpcf7-text wpcf7-email wpcf7-validates-as-required wpcf7-validates-as-email form-control\" id=\"contact-email\" aria-required=\"true\" aria-invalid=\"false\" \/><\/span>\n        <\/div>\n<\/div>\n<div class=\"col-lg-12\">\n<div class=\"form-group\">\n            <label for=\"contact-subject\">Sujet<\/label><br \/>\n            <span class=\"wpcf7-form-control-wrap\" data-name=\"your-subject\"><input type=\"text\" name=\"your-subject\" value=\"\" size=\"40\" class=\"wpcf7-form-control wpcf7-text form-control\" id=\"contact-subject\" aria-invalid=\"false\" \/><\/span>\n        <\/div>\n<\/div>\n<div class=\"col-lg-12\">\n<div class=\"form-group\">\n            <label for=\"contact-message\">Commentaires<\/label><br \/>\n            <span class=\"wpcf7-form-control-wrap\" data-name=\"your-message\"><textarea name=\"your-message\" cols=\"40\" rows=\"10\" class=\"wpcf7-form-control wpcf7-textarea form-control\" id=\"contact-message\" aria-invalid=\"false\"><\/textarea><\/span>\n        <\/div>\n<\/div>\n<div class=\"col-lg-12\">\n<div class=\"form-group\">\n            <input type=\"submit\" value=\"Envoyer\" class=\"wpcf7-form-control has-spinner wpcf7-submit btn btn-primary btn-lg\" \/>\n        <\/div>\n<\/div>\n<\/div>\n<div class=\"wpcf7-response-output\" aria-hidden=\"true\"><\/div><\/form><\/div>[\/vc_column][vc_column width=\u00a0\u00bb1\/2&Prime;][vc_custom_heading text=\u00a0\u00bbQui <strong>sommes-nous ?<\/strong>\u00a0\u00bb font_container=\u00a0\u00bbtag:h4|text_align:left\u00a0\u00bb use_theme_fonts=\u00a0\u00bbyes\u00a0\u00bb skin=\u00a0\u00bbprimary\u00a0\u00bb el_class=\u00a0\u00bbm-t\u00a0\u00bb][vc_column_text]GOaudit\u00ae est une marque du groupe GOs\u00e9minaire\u00ae.<\/p>\n<p>Acteur de r\u00e9f\u00e9rence pour les professionnels de l&rsquo;organisation d&rsquo;\u00e9v\u00e9nements, nous proposons plusieurs services, tous dirig\u00e9s vers l&rsquo;\u00e9v\u00e9nementiel d&rsquo;entreprise.<\/p>\n<p>Nos + de 20 ans d&rsquo;exp\u00e9rience dans ce domaine, nous ont pouss\u00e9 \u00e0 cr\u00e9er GOaudit\u00ae afin d&rsquo;apporter notre savoir-faire aux h\u00f4teliers.<\/p>\n<p>Demandez un devis gratuit sur mesure ![\/vc_column_text][vc_separator color=\u00a0\u00bbcustom\u00a0\u00bb gradient=\u00a0\u00bbyes\u00a0\u00bb][vc_custom_heading text=\u00a0\u00bbLe <strong>si\u00e8ge<\/strong>\u00a0\u00bb font_container=\u00a0\u00bbtag:h4|text_align:left\u00a0\u00bb use_theme_fonts=\u00a0\u00bbyes\u00a0\u00bb skin=\u00a0\u00bbprimary\u00a0\u00bb][porto_info_box icon=\u00a0\u00bbfa fa-map-marker\u00a0\u00bb icon_size=\u00a0\u00bb14&Prime; icon_color=\u00a0\u00bb#ffffff\u00a0\u00bb icon_style=\u00a0\u00bbcircle\u00a0\u00bb icon_color_bg=\u00a0\u00bb#0088cc\u00a0\u00bb title=\u00a0\u00bb<strong>Adresse :<\/strong> 28 bis, avenue du 8 mai &#8211; 95200 Sarcelles\u00a0\u00bb title_font_size=\u00a0\u00bb14&Prime; title_font_color=\u00a0\u00bb#777777&Prime;][\/porto_info_box][porto_info_box icon=\u00a0\u00bbfa fa-phone\u00a0\u00bb icon_size=\u00a0\u00bb14&Prime; icon_color=\u00a0\u00bb#ffffff\u00a0\u00bb icon_style=\u00a0\u00bbcircle\u00a0\u00bb icon_color_bg=\u00a0\u00bb#0088cc\u00a0\u00bb title=\u00a0\u00bb<strong>T\u00e9l\u00e9phone :<\/strong> (+33) 1 83 81 33 00&Prime; title_font_size=\u00a0\u00bb14&Prime; title_font_color=\u00a0\u00bb#777777&Prime;][\/porto_info_box][vc_separator color=\u00a0\u00bbcustom\u00a0\u00bb gradient=\u00a0\u00bbyes\u00a0\u00bb][\/vc_column][\/vc_row][vc_row][vc_column][vc_column_text][\/vc_column_text][\/vc_column][\/vc_row]<\/p>\n","protected":false},"excerpt":{"rendered":"<p>[vc_row full_width=\u00a0\u00bbstretch_row_content_no_spaces\u00a0\u00bb][vc_column][rev_slider_vc alias=\u00a0\u00bbhome-corporate-2&Prime; el_class=\u00a0\u00bbm-b-none\u00a0\u00bb][\/vc_column][\/vc_row][vc_row full_width=\u00a0\u00bbstretch_row\u00a0\u00bb wrap_container=\u00a0\u00bbyes\u00a0\u00bb el_class=\u00a0\u00bbslider-with-overlay\u00a0\u00bb css=\u00a0\u00bb.vc_custom_1463133375528{background-color: #171717 !important;}\u00a0\u00bb][vc_column][vc_row_inner el_class=\u00a0\u00bbhome-intro\u00a0\u00bb][vc_column_inner width=\u00a0\u00bb2\/3&Prime;][vc_column_text el_class=\u00a0\u00bbm-b-none\u00a0\u00bb]Sp\u00e9cialis\u00e9 dans le Conseil &amp; Audit en h\u00f4tellerie dans le domaine du\u00a0S\u00e9minaire d&rsquo;Entreprise Demandez d\u00e8s maintenant une expertise de votre \u00e9tablissement ![\/vc_column_text][\/vc_column_inner][vc_column_inner el_class=\u00a0\u00bbget-started\u00a0\u00bb width=\u00a0\u00bb1\/3&Prime;][vc_btn title=\u00a0\u00bbDevis Gratuit\u00a0\u00bb size=\u00a0\u00bblg\u00a0\u00bb skin=\u00a0\u00bbprimary\u00a0\u00bb link=\u00a0\u00bburl:%23Formulaire|||\u00a0\u00bb el_class=\u00a0\u00bbm-b-none\u00a0\u00bb][\/vc_column_inner][\/vc_row_inner][\/vc_column][\/vc_row][vc_row wrap_container=\u00a0\u00bbyes\u00a0\u00bb el_class=\u00a0\u00bbm-b-xxl\u00a0\u00bb][vc_column width=\u00a0\u00bb7\/12&Prime;][vc_custom_heading text=\u00a0\u00bbBooster votre CA s\u00e9minaire en 3 mois !\u00a0\u00bb font_container=\u00a0\u00bbtag:h2|text_align:left|color:%230088cc\u00a0\u00bb use_theme_fonts=\u00a0\u00bbyes\u00a0\u00bb [&hellip;]<\/p>\n","protected":false},"author":1,"featured_media":0,"parent":0,"menu_order":0,"comment_status":"closed","ping_status":"closed","template":"","meta":[],"_links":{"self":[{"href":"https:\/\/goaudit.fr\/index.php?rest_route=\/wp\/v2\/pages\/6"}],"collection":[{"href":"https:\/\/goaudit.fr\/index.php?rest_route=\/wp\/v2\/pages"}],"about":[{"href":"https:\/\/goaudit.fr\/index.php?rest_route=\/wp\/v2\/types\/page"}],"author":[{"embeddable":true,"href":"https:\/\/goaudit.fr\/index.php?rest_route=\/wp\/v2\/users\/1"}],"replies":[{"embeddable":true,"href":"https:\/\/goaudit.fr\/index.php?rest_route=%2Fwp%2Fv2%2Fcomments&post=6"}],"version-history":[{"count":70,"href":"https:\/\/goaudit.fr\/index.php?rest_route=\/wp\/v2\/pages\/6\/revisions"}],"predecessor-version":[{"id":1064,"href":"https:\/\/goaudit.fr\/index.php?rest_route=\/wp\/v2\/pages\/6\/revisions\/1064"}],"wp:attachment":[{"href":"https:\/\/goaudit.fr\/index.php?rest_route=%2Fwp%2Fv2%2Fmedia&parent=6"}],"curies":[{"name":"wp","href":"https:\/\/api.w.org\/{rel}","templated":true}]}}